{"id":42,"date":"2025-12-01T14:35:16","date_gmt":"2025-12-01T14:35:16","guid":{"rendered":"http:\/\/iwtxcbb.cluster100.hosting.ovh.net\/?page_id=42"},"modified":"2026-01-12T12:00:33","modified_gmt":"2026-01-12T12:00:33","slug":"about","status":"publish","type":"page","link":"https:\/\/jaimedediego.com\/es\/about\/","title":{"rendered":"Sobre m\u00ed"},"content":{"rendered":"<div data-elementor-type=\"wp-page\" data-elementor-id=\"42\" class=\"elementor elementor-42\" data-elementor-post-type=\"page\">\n\t\t\t\t<div class=\"elementor-element elementor-element-1f8938c e-flex e-con-boxed e-con e-parent\" data-id=\"1f8938c\" data-element_type=\"container\" data-e-type=\"container\">\n\t\t\t\t\t<div class=\"e-con-inner\">\n\t\t<div class=\"elementor-element elementor-element-fc24fb6 e-con-full e-flex e-con e-child\" data-id=\"fc24fb6\" data-element_type=\"container\" data-e-type=\"container\">\n\t\t<div class=\"elementor-element elementor-element-fc72c23 e-con-full e-flex e-con e-child\" data-id=\"fc72c23\" data-element_type=\"container\" data-e-type=\"container\">\n\t\t<div class=\"elementor-element elementor-element-10ef722 e-con-full e-flex e-con e-child\" data-id=\"10ef722\" data-element_type=\"container\" data-e-type=\"container\">\n\t\t<div class=\"elementor-element elementor-element-ea48460 e-con-full e-flex e-con e-child\" data-id=\"ea48460\" data-element_type=\"container\" data-e-type=\"container\">\n\t\t\t\t<div class=\"elementor-element elementor-element-19109bc elementor-widget elementor-widget-heading\" data-id=\"19109bc\" data-element_type=\"widget\" data-e-type=\"widget\" data-widget_type=\"heading.default\">\n\t\t\t\t\t<h2 class=\"elementor-heading-title elementor-size-default\">BIO<\/h2>\t\t\t\t<\/div>\n\t\t\t\t<div class=\"elementor-element elementor-element-088efdf elementor-widget elementor-widget-text-editor\" data-id=\"088efdf\" data-element_type=\"widget\" data-e-type=\"widget\" data-widget_type=\"text-editor.default\">\n\t\t\t\t\t\t\t\t\t<p class=\"p1\"><b>JAIME DE DIEGO<\/b><\/p><p class=\"p2\">Una carrera dedicada a la fotograf\u00eda de acci\u00f3n, deporte y motor.<\/p><p class=\"p2\">Su trayectoria en la fotograf\u00eda editorial deportiva comienza en Motorpress Ib\u00e9rica (grupo G&amp;J), donde sus im\u00e1genes protagonizaron portadas de las principales cabeceras del sector como <span class=\"s1\"><i>Runner\u2019s World, Sportlife, Motociclismo, Fuel, Moto Verde<\/i><\/span> y <span class=\"s1\"><i>Bike<\/i><\/span>. Quince a\u00f1os despu\u00e9s decide dar el salto a la fotograf\u00eda publicitaria, lifestyle, de producto y de eventos, disciplinas que le han permitido trabajar con algunas de las marcas m\u00e1s prestigiosas a nivel internacional como Ford, Nissan, Harley Davidson, Triumph, Mitsubishi, Volkswagen, Suzuki, Red Bull, Under Armour, Skechers, Adidas o New Balance, entre muchas otras.<\/p><p class=\"p2\">Su trabajo siempre ha buscado congelar el dinamismo de la acci\u00f3n y del momento, captando al m\u00e1ximo el detalle y el esfuerzo en cada disciplina: motor, running, mountain bike\u2026 Persiguiendo planos imposibles ha fotografiado a algunos de los atletas m\u00e1s reconocidos del mundo como Kilian Jornet, Marc M\u00e1rquez, Carlos Sainz, Garbi\u00f1e Muguruza, Mario Mola, Dafne Schippers, \u00c1lvaro Arbeloa o Cesc F\u00e1bregas, quienes han posado ante su objetivo y con los que confiesa haber sido un aut\u00e9ntico privilegio trabajar.<\/p><p class=\"p2\">Su amplia trayectoria como fot\u00f3grafo se complementa con un esp\u00edritu inquieto, que le ha llevado a ejercer como formador en distintos \u00e1mbitos, conferenciante y autor de varios libros de fotograf\u00eda y v\u00eddeo. Adem\u00e1s, es Canon Ambassador en Europa, Embajador de Elinchrom en Espa\u00f1a y Embajador global de NYA-EVO.<\/p>\t\t\t\t\t\t\t\t<\/div>\n\t\t\t\t<\/div>\n\t\t<div class=\"elementor-element elementor-element-800ac52 e-con-full e-flex e-con e-child\" data-id=\"800ac52\" data-element_type=\"container\" data-e-type=\"container\">\n\t\t\t\t<div class=\"elementor-element elementor-element-720bfbf elementor-widget elementor-widget-heading\" data-id=\"720bfbf\" data-element_type=\"widget\" data-e-type=\"widget\" data-widget_type=\"heading.default\">\n\t\t\t\t\t<h3 class=\"elementor-heading-title elementor-size-default\">S\u00edgueme<\/h3>\t\t\t\t<\/div>\n\t\t\t\t<div class=\"elementor-element elementor-element-a41f26a elementor-icon-list--layout-inline notranslate elementor-list-item-link-full_width elementor-widget elementor-widget-icon-list\" data-id=\"a41f26a\" data-element_type=\"widget\" data-e-type=\"widget\" data-widget_type=\"icon-list.default\">\n\t\t\t\t\t\t\t<ul class=\"elementor-icon-list-items elementor-inline-items\">\n\t\t\t\t\t\t\t<li class=\"elementor-icon-list-item elementor-inline-item\">\n\t\t\t\t\t\t\t\t\t\t\t<a href=\"https:\/\/www.instagram.com\/jaimedediego.photography\/?hl=es\" target=\"_blank\" rel=\"nofollow noopener\">\n\n\t\t\t\t\t\t\t\t\t\t\t<span class=\"elementor-icon-list-text\">IG<\/span>\n\t\t\t\t\t\t\t\t\t\t\t<\/a>\n\t\t\t\t\t\t\t\t\t<\/li>\n\t\t\t\t\t\t\t\t<li class=\"elementor-icon-list-item elementor-inline-item\">\n\t\t\t\t\t\t\t\t\t\t\t<a href=\"https:\/\/www.linkedin.com\/in\/jaime-de-diego\/\" target=\"_blank\" rel=\"nofollow noopener\">\n\n\t\t\t\t\t\t\t\t\t\t\t<span class=\"elementor-icon-list-text\">LN<\/span>\n\t\t\t\t\t\t\t\t\t\t\t<\/a>\n\t\t\t\t\t\t\t\t\t<\/li>\n\t\t\t\t\t\t<\/ul>\n\t\t\t\t\t\t<\/div>\n\t\t\t\t<\/div>\n\t\t\t\t<\/div>\n\t\t\t\t<\/div>\n\t\t\t\t<\/div>\n\t\t<div class=\"elementor-element elementor-element-dcc92a1 e-con-full e-flex e-con e-child\" data-id=\"dcc92a1\" data-element_type=\"container\" data-e-type=\"container\">\n\t\t<div class=\"elementor-element elementor-element-9a14d1c e-con-full e-flex e-con e-child\" data-id=\"9a14d1c\" data-element_type=\"container\" data-e-type=\"container\">\n\t\t<div class=\"elementor-element elementor-element-bba819f e-con-full e-flex e-con e-child\" data-id=\"bba819f\" data-element_type=\"container\" data-e-type=\"container\">\n\t\t\t\t<div class=\"elementor-element elementor-element-05a8484 elementor-widget elementor-widget-image\" data-id=\"05a8484\" data-element_type=\"widget\" data-e-type=\"widget\" data-widget_type=\"image.default\">\n\t\t\t\t\t\t\t\t\t\t\t\t\t\t\t<img fetchpriority=\"high\" decoding=\"async\" width=\"1111\" height=\"2000\" src=\"https:\/\/jaimedediego.com\/wp-content\/uploads\/2025\/12\/Jaime-de-Diego.jpg\" class=\"attachment-large size-large wp-image-288\" alt=\"-\" srcset=\"https:\/\/jaimedediego.com\/wp-content\/uploads\/2025\/12\/Jaime-de-Diego.jpg 1111w, https:\/\/jaimedediego.com\/wp-content\/uploads\/2025\/12\/Jaime-de-Diego-768x1383.jpg 768w, https:\/\/jaimedediego.com\/wp-content\/uploads\/2025\/12\/Jaime-de-Diego-853x1536.jpg 853w\" sizes=\"(max-width: 1111px) 100vw, 1111px\" title=\"-\">\t\t\t\t\t\t\t\t\t\t\t\t\t\t\t<\/div>\n\t\t\t\t<\/div>\n\t\t\t\t<\/div>\n\t\t\t\t<\/div>\n\t\t\t\t\t<\/div>\n\t\t\t\t<\/div>\n\t\t\t\t<\/div>","protected":false},"excerpt":{"rendered":"<p>BIO JAIME DE DIEGO A career dedicated to action, sports, and automotive photography. His journey in sports editorial photography began at Motorpress Ib\u00e9rica (G&amp;J Group), where his images graced the covers of leading magazines such as Runner\u2019s World, Sportlife, Motociclismo, Fuel, Moto Verde, and Bike. Fifteen years later, he transitioned into advertising, lifestyle, product, and [&hellip;]<\/p>","protected":false},"author":1,"featured_media":0,"parent":0,"menu_order":5,"comment_status":"closed","ping_status":"closed","template":"","meta":{"_acf_changed":false,"footnotes":""},"class_list":["post-42","page","type-page","status-publish","hentry"],"acf":[],"_links":{"self":[{"href":"https:\/\/jaimedediego.com\/es\/wp-json\/wp\/v2\/pages\/42","targetHints":{"allow":["GET"]}}],"collection":[{"href":"https:\/\/jaimedediego.com\/es\/wp-json\/wp\/v2\/pages"}],"about":[{"href":"https:\/\/jaimedediego.com\/es\/wp-json\/wp\/v2\/types\/page"}],"author":[{"embeddable":true,"href":"https:\/\/jaimedediego.com\/es\/wp-json\/wp\/v2\/users\/1"}],"replies":[{"embeddable":true,"href":"https:\/\/jaimedediego.com\/es\/wp-json\/wp\/v2\/comments?post=42"}],"version-history":[{"count":2,"href":"https:\/\/jaimedediego.com\/es\/wp-json\/wp\/v2\/pages\/42\/revisions"}],"predecessor-version":[{"id":334,"href":"https:\/\/jaimedediego.com\/es\/wp-json\/wp\/v2\/pages\/42\/revisions\/334"}],"wp:attachment":[{"href":"https:\/\/jaimedediego.com\/es\/wp-json\/wp\/v2\/media?parent=42"}],"curies":[{"name":"wp","href":"https:\/\/api.w.org\/{rel}","templated":true}]}}